{"id":1626,"date":"2021-04-21T10:55:07","date_gmt":"2021-04-21T08:55:07","guid":{"rendered":"https:\/\/adhok.org\/?page_id=1626"},"modified":"2025-05-14T09:50:35","modified_gmt":"2025-05-14T07:50:35","slug":"past-events","status":"publish","type":"page","link":"https:\/\/adhok.org\/en\/past-events\/","title":{"rendered":"Past events"},"content":{"rendered":"<div class=\"wpb-content-wrapper\"><p>[vc_row padding_top_multiplier=&#8221;2x&#8221; padding_bottom_multiplier=&#8221;2x&#8221;][vc_column][vc_column_text css=&#8221;&#8221;]<div id=\"vsel\" class=\"vsel-shortcode vsel-shortcode-past-events\"><div id=\"event-2383\" class=\"vsel-content vsel-past\"><div class=\"vsel-meta vsel-alignleft\" style=\"width:30%;\"><h3 class=\"vsel-meta-title\">Issue de Secours<\/h3><div class=\"vsel-meta-date vsel-meta-single-date\"><span>28 September 2025<\/span><\/div><\/div><div class=\"vsel-info vsel-alignright\" style=\"width:66%;\"><div class=\"vsel-text\"><div class=\"wpb-content-wrapper\"><p>[vc_row padding_top_multiplier=&#8221;&#8221; padding_bottom_multiplier=&#8221;&#8221;][vc_column width=&#8221;1\/2&#8243;]<h4 class=\"grve-element grve-title grve-align-left grve-h4\" style=\"\"><span>Issue de Secours<\/span><\/h4>[\/vc_column][vc_column width=&#8221;1\/2&#8243;][vc_column_text css=&#8221;&#8221;]Ouverture de saison &#8211; Sc\u00e8ne Pr\u00e9vert &#8211; Joinville-Le-Pont (94)<\/p>\n<p>[\/vc_column_text][\/vc_column][\/vc_row]<\/p>\n<\/div><\/div><\/div><\/div><div id=\"event-2380\" class=\"vsel-content vsel-past\"><div class=\"vsel-meta vsel-alignleft\" style=\"width:30%;\"><h3 class=\"vsel-meta-title\">Qui-Vive<\/h3><div class=\"vsel-meta-date vsel-meta-combined-date\"><span>5 August 2025<\/span> - <span>6 August 2025<\/span><\/div><\/div><div class=\"vsel-info vsel-alignright\" style=\"width:66%;\"><div class=\"vsel-text\"><div class=\"wpb-content-wrapper\"><p>[vc_row padding_top_multiplier=&#8221;&#8221; padding_bottom_multiplier=&#8221;&#8221;][vc_column width=&#8221;1\/2&#8243;]<h4 class=\"grve-element grve-title grve-align-left grve-h4\" style=\"\"><span>Qui-Vive<\/span><\/h4>[\/vc_column][vc_column width=&#8221;1\/2&#8243;][vc_column_text css=&#8221;&#8221;]<a href=\"https:\/\/www.eventbrite.fr\/o\/lile-de-france-fete-le-theatre-cergy-pontoise-30031611964\" target=\"_blank\" rel=\"noopener\">La R\u00e9gion Ile-de-France \u00a0f\u00eate le Th\u00e9\u00e2tre<\/a> &#8211; CDN Les Tr\u00e9teaux de France &#8211; Cergy-Pontoise (95)[\/vc_column_text][\/vc_column][\/vc_row]<\/p>\n<\/div><\/div><\/div><\/div><div id=\"event-2381\" class=\"vsel-content vsel-past\"><div class=\"vsel-meta vsel-alignleft\" style=\"width:30%;\"><h3 class=\"vsel-meta-title\">Qui-Vive<\/h3><div class=\"vsel-meta-date vsel-meta-combined-date\"><span>11 July 2025<\/span> - <span>12 July 2025<\/span><\/div><\/div><div class=\"vsel-info vsel-alignright\" style=\"width:66%;\"><div class=\"vsel-text\"><div class=\"wpb-content-wrapper\"><p>[vc_row padding_top_multiplier=&#8221;&#8221; padding_bottom_multiplier=&#8221;&#8221;][vc_column width=&#8221;1\/2&#8243;]<h4 class=\"grve-element grve-title grve-align-left grve-h4\" style=\"\"><span>Qui-Vive<\/span><\/h4>[\/vc_column][vc_column width=&#8221;1\/2&#8243;][vc_column_text css=&#8221;&#8221;]<a href=\"https:\/\/www.eventbrite.fr\/o\/lile-de-france-fete-le-theatre-creteil-65350512673\" target=\"_blank\" rel=\"noopener\">La R\u00e9gion Ile-de-France \u00a0f\u00eate le Th\u00e9\u00e2tre<\/a> &#8211; CDN Les Tr\u00e9teaux de France &#8211; Cr\u00e9teil (94)[\/vc_column_text][\/vc_column][\/vc_row]<\/p>\n<\/div><\/div><\/div><\/div><div id=\"event-2374\" class=\"vsel-content vsel-past\"><div class=\"vsel-meta vsel-alignleft\" style=\"width:30%;\"><h3 class=\"vsel-meta-title\">Check Off<\/h3><div class=\"vsel-meta-date vsel-meta-single-date\"><span>7 June 2025<\/span><\/div><\/div><div class=\"vsel-info vsel-alignright\" style=\"width:66%;\"><div class=\"vsel-text\"><div class=\"wpb-content-wrapper\"><p>[vc_row padding_top_multiplier=&#8221;&#8221; padding_bottom_multiplier=&#8221;&#8221;][vc_column width=&#8221;1\/2&#8243;]<h4 class=\"grve-element grve-title grve-align-left grve-h4\" style=\"\"><span>Check Off<\/span><\/h4>[\/vc_column][vc_column width=&#8221;1\/2&#8243;][vc_column_text css=&#8221;&#8221;]<a href=\"https:\/\/www.theatrejeanvilar.com\/2605-27500\/la-saison\/detail-d-un-spectacle\/fiche\/check-off.htm\" target=\"_blank\" rel=\"noopener\">Th\u00e9\u00e2tre Jean Vilar<\/a> &#8211; Vitry (94)[\/vc_column_text][\/vc_column][\/vc_row]<\/p>\n<\/div><\/div><\/div><\/div><div id=\"event-2373\" class=\"vsel-content vsel-past\"><div class=\"vsel-meta vsel-alignleft\" style=\"width:30%;\"><h3 class=\"vsel-meta-title\">Issue de Secours<\/h3><div class=\"vsel-meta-date vsel-meta-combined-date\"><span>7 June 2025<\/span> - <span>8 June 2025<\/span><\/div><\/div><div class=\"vsel-info vsel-alignright\" style=\"width:66%;\"><div class=\"vsel-text\"><div class=\"wpb-content-wrapper\"><p>[vc_row padding_top_multiplier=&#8221;&#8221; padding_bottom_multiplier=&#8221;&#8221;][vc_column width=&#8221;1\/2&#8243;]<h4 class=\"grve-element grve-title grve-align-left grve-h4\" style=\"\"><span>Issue de Secours<\/span><\/h4>[\/vc_column][vc_column width=&#8221;1\/2&#8243;][vc_column_text css=&#8221;&#8221;]<a href=\"https:\/\/www.holzminden.de\/tourismus-freizeit\/kultur\/strassentheater-festival\/\" target=\"_blank\" rel=\"noopener\">Strassentheater Festiva<\/a>l | Stadt Holzminden (D)[\/vc_column_text][\/vc_column][\/vc_row]<\/p>\n<\/div><\/div><\/div><\/div><div id=\"event-2372\" class=\"vsel-content vsel-past\"><div class=\"vsel-meta vsel-alignleft\" style=\"width:30%;\"><h3 class=\"vsel-meta-title\">Check Off<\/h3><div class=\"vsel-meta-date vsel-meta-single-date\"><span>15 May 2025<\/span><\/div><\/div><div class=\"vsel-info vsel-alignright\" style=\"width:66%;\"><div class=\"vsel-text\"><div class=\"wpb-content-wrapper\"><p>[vc_row padding_top_multiplier=&#8221;&#8221; padding_bottom_multiplier=&#8221;&#8221;][vc_column width=&#8221;1\/2&#8243;]<h4 class=\"grve-element grve-title grve-align-left grve-h4\" style=\"\"><span>Check Off<\/span><\/h4>[\/vc_column][vc_column width=&#8221;1\/2&#8243;][vc_column_text css=&#8221;&#8221;]<a href=\"https:\/\/www.les3elephants.com\/programmation\/adhok\/\" target=\"_blank\" rel=\"noopener\">Festival des 3 \u00e9l\u00e9phants<\/a> &#8211; Laval (53)[\/vc_column_text][\/vc_column][\/vc_row]<\/p>\n<\/div><\/div><\/div><\/div><div id=\"event-2371\" class=\"vsel-content vsel-past\"><div class=\"vsel-meta vsel-alignleft\" style=\"width:30%;\"><h3 class=\"vsel-meta-title\">Issue de Secours<\/h3><div class=\"vsel-meta-date vsel-meta-single-date\"><span>4 May 2025<\/span><\/div><\/div><div class=\"vsel-info vsel-alignright\" style=\"width:66%;\"><div class=\"vsel-text\"><div class=\"wpb-content-wrapper\"><p>[vc_row padding_top_multiplier=&#8221;&#8221; padding_bottom_multiplier=&#8221;&#8221;][vc_column width=&#8221;1\/2&#8243;]<h4 class=\"grve-element grve-title grve-align-left grve-h4\" style=\"\"><span>Issue de Secours<\/span><\/h4>[\/vc_column][vc_column width=&#8221;1\/2&#8243;][vc_column_text css=&#8221;&#8221;]<a href=\"https:\/\/fitcarrer.com\/\" target=\"_blank\" rel=\"noopener\">FIT Carrer<\/a> &#8211; Vila Real (E)<\/p>\n<p>&nbsp;<\/p>\n<p>[\/vc_column_text][\/vc_column][\/vc_row]<\/p>\n<\/div><\/div><\/div><\/div><div id=\"event-2362\" class=\"vsel-content vsel-past\"><div class=\"vsel-meta vsel-alignleft\" style=\"width:30%;\"><h3 class=\"vsel-meta-title\">Qui-Vive<\/h3><div class=\"vsel-meta-date vsel-meta-single-date\"><span>28 September 2024<\/span><\/div><\/div><div class=\"vsel-info vsel-alignright\" style=\"width:66%;\"><div class=\"vsel-text\"><div class=\"wpb-content-wrapper\"><p>[vc_row padding_top_multiplier=&#8221;&#8221; padding_bottom_multiplier=&#8221;&#8221;][vc_column width=&#8221;1\/2&#8243;]<h4 class=\"grve-element grve-title grve-align-left grve-h4\" style=\"\"><span>Qui-Vive<\/span><\/h4>[\/vc_column][vc_column width=&#8221;1\/2&#8243;][vc_column_text css=&#8221;&#8221;]Ouverture de saison &#8211; TJP CDN Strasbourg[\/vc_column_text][\/vc_column][\/vc_row]<\/p>\n<\/div><\/div><\/div><\/div><div id=\"event-2237\" class=\"vsel-content vsel-past\"><div class=\"vsel-meta vsel-alignleft\" style=\"width:30%;\"><h3 class=\"vsel-meta-title\">Check Off<\/h3><div class=\"vsel-meta-date vsel-meta-combined-date\"><span>21 September 2024<\/span> - <span>22 September 2024<\/span><\/div><\/div><div class=\"vsel-info vsel-alignright\" style=\"width:66%;\"><div class=\"vsel-text\"><div class=\"wpb-content-wrapper\"><p>[vc_row padding_top_multiplier=&#8221;&#8221; padding_bottom_multiplier=&#8221;&#8221;][vc_column width=&#8221;1\/2&#8243;]<h4 class=\"grve-element grve-title grve-align-left grve-h4\" style=\"\"><span>Check Off<\/span><\/h4>[\/vc_column][vc_column width=&#8221;1\/2&#8243;][vc_column_text]Festival Cergy-Soit &#8211; cergy-Pontoise (95)[\/vc_column_text][\/vc_column][\/vc_row]<\/p>\n<\/div><\/div><\/div><\/div><div id=\"event-2361\" class=\"vsel-content vsel-past\"><div class=\"vsel-meta vsel-alignleft\" style=\"width:30%;\"><h3 class=\"vsel-meta-title\">Qui-Vive<\/h3><div class=\"vsel-meta-date vsel-meta-combined-date\"><span>5 September 2024<\/span> - <span>6 September 2024<\/span><\/div><\/div><div class=\"vsel-info vsel-alignright\" style=\"width:66%;\"><div class=\"vsel-text\"><div class=\"wpb-content-wrapper\"><p>[vc_row padding_top_multiplier=&#8221;&#8221; padding_bottom_multiplier=&#8221;&#8221;][vc_column width=&#8221;1\/2&#8243;]<h4 class=\"grve-element grve-title grve-align-left grve-h4\" style=\"\"><span>Qui-Vive<\/span><\/h4>[\/vc_column][vc_column width=&#8221;1\/2&#8243;][vc_column_text css=&#8221;&#8221;]Festival Fira Tarrega &#8211; Espagne[\/vc_column_text][\/vc_column][\/vc_row]<\/p>\n<\/div><\/div><\/div><\/div><div id=\"event-2128\" class=\"vsel-content vsel-past\"><div class=\"vsel-meta vsel-alignleft\" style=\"width:30%;\"><h3 class=\"vsel-meta-title\">Immortels &#8211; L&#8217;Envol<\/h3><div class=\"vsel-meta-date vsel-meta-combined-date\"><span>13 August 2024<\/span> - <span>14 August 2024<\/span><\/div><\/div><div class=\"vsel-info vsel-alignright\" style=\"width:66%;\"><div class=\"vsel-text\"><div class=\"wpb-content-wrapper\"><p>[vc_row padding_top_multiplier=&#8221;&#8221; padding_bottom_multiplier=&#8221;&#8221;][vc_column width=&#8221;1\/2&#8243;]<h4 class=\"grve-element grve-title grve-align-left grve-h4\" style=\"\"><span>Immortels &#8211; Le Nid<\/span><\/h4>[\/vc_column][vc_column width=&#8221;1\/2&#8243;][vc_column_text]<a href=\"https:\/\/www.treteauxdefrance.com\/l-ile-de-france-fete-le-theatre-2024\" target=\"_blank\" rel=\"noopener\">L&#8217;Ile de France f\u00eate le th\u00e9\u00e2tre<\/a> &#8211; CDN des Tr\u00e9teaux de France &#8211; Cergy-Pontoise (95)[\/vc_column_text][\/vc_column][\/vc_row]<\/p>\n<\/div><\/div><\/div><\/div><div id=\"event-2236\" class=\"vsel-content vsel-past\"><div class=\"vsel-meta vsel-alignleft\" style=\"width:30%;\"><h3 class=\"vsel-meta-title\">Check Off<\/h3><div class=\"vsel-meta-date vsel-meta-single-date\"><span>18 July 2024<\/span><\/div><\/div><div class=\"vsel-info vsel-alignright\" style=\"width:66%;\"><div class=\"vsel-text\"><div class=\"wpb-content-wrapper\"><p>[vc_row padding_top_multiplier=&#8221;&#8221; padding_bottom_multiplier=&#8221;&#8221;][vc_column width=&#8221;1\/2&#8243;]<h4 class=\"grve-element grve-title grve-align-left grve-h4\" style=\"\"><span>Check Off<\/span><\/h4>[\/vc_column][vc_column width=&#8221;1\/2&#8243;][vc_column_text]Festival Eclat(s) de rue\u00a0 \u00a0&#8211; Caen (14)[\/vc_column_text][\/vc_column][\/vc_row]<\/p>\n<\/div><\/div><\/div><\/div><div id=\"event-2171\" class=\"vsel-content vsel-past\"><div class=\"vsel-meta vsel-alignleft\" style=\"width:30%;\"><h3 class=\"vsel-meta-title\">Issue de Secours<\/h3><div class=\"vsel-meta-date vsel-meta-single-date\"><span>15 June 2024<\/span><\/div><\/div><div class=\"vsel-info vsel-alignright\" style=\"width:66%;\"><div class=\"vsel-text\"><div class=\"wpb-content-wrapper\"><p>[vc_row padding_top_multiplier=&#8221;&#8221; padding_bottom_multiplier=&#8221;&#8221;][vc_column width=&#8221;1\/2&#8243;]<h4 class=\"grve-element grve-title grve-align-left grve-h4\" style=\"\"><span>Issue de Secours<\/span><\/h4>[\/vc_column][vc_column width=&#8221;1\/2&#8243;][vc_column_text]<a href=\"https:\/\/www.ville-lariche.fr\/Festival-Itineraires-Bis-1413\" target=\"_blank\" rel=\"noopener\">Festival Itin\u00e9raires Bis<\/a> &#8211; La Riche (37)[\/vc_column_text][\/vc_column][\/vc_row]<\/p>\n<\/div><\/div><\/div><\/div><div id=\"event-2160\" class=\"vsel-content vsel-past\"><div class=\"vsel-meta vsel-alignleft\" style=\"width:30%;\"><h3 class=\"vsel-meta-title\">Issue de Secours<\/h3><div class=\"vsel-meta-date vsel-meta-combined-date\"><span>1 June 2024<\/span> - <span>2 June 2024<\/span><\/div><\/div><div class=\"vsel-info vsel-alignright\" style=\"width:66%;\"><div class=\"vsel-text\"><div class=\"wpb-content-wrapper\"><p>[vc_row padding_top_multiplier=&#8221;&#8221; padding_bottom_multiplier=&#8221;&#8221;][vc_column width=&#8221;1\/2&#8243;]<h4 class=\"grve-element grve-title grve-align-left grve-h4\" style=\"\"><span>Issue de Secours<\/span><\/h4>[\/vc_column][vc_column width=&#8221;1\/2&#8243;][vc_column_text]<a href=\"https:\/\/www.tete-a-tete.de\/festival.php\" target=\"_blank\" rel=\"noopener\">Festival T\u00eate \u00e0 T\u00eate \u00e0 Rastatt (D)<\/a>. Avec le soutien de l&#8217;Institut Fran\u00e7ais.[\/vc_column_text][\/vc_column][\/vc_row]<\/p>\n<\/div><\/div><\/div><\/div><div id=\"event-2234\" class=\"vsel-content vsel-past\"><div class=\"vsel-meta vsel-alignleft\" style=\"width:30%;\"><h3 class=\"vsel-meta-title\">Check Off<\/h3><div class=\"vsel-meta-date vsel-meta-single-date\"><span>1 June 2024<\/span><\/div><\/div><div class=\"vsel-info vsel-alignright\" style=\"width:66%;\"><div class=\"vsel-text\"><div class=\"wpb-content-wrapper\"><p>[vc_row padding_top_multiplier=&#8221;&#8221; padding_bottom_multiplier=&#8221;&#8221;][vc_column width=&#8221;1\/2&#8243;]<h4 class=\"grve-element grve-title grve-align-left grve-h4\" style=\"\"><span>Check Off<\/span><\/h4>[\/vc_column][vc_column width=&#8221;1\/2&#8243;][vc_column_text]Festival Les Ann\u00e9es Jou\u00e9 &#8211; Jou\u00e9-L\u00e8s-Tours (37)[\/vc_column_text][\/vc_column][\/vc_row]<\/p>\n<\/div><\/div><\/div><\/div><div id=\"event-2169\" class=\"vsel-content vsel-past\"><div class=\"vsel-meta vsel-alignleft\" style=\"width:30%;\"><h3 class=\"vsel-meta-title\">Qui-Vive<\/h3><div class=\"vsel-meta-date vsel-meta-single-date\"><span>26 May 2024<\/span><\/div><\/div><div class=\"vsel-info vsel-alignright\" style=\"width:66%;\"><div class=\"vsel-text\"><div class=\"wpb-content-wrapper\"><p>[vc_row padding_top_multiplier=&#8221;&#8221; padding_bottom_multiplier=&#8221;&#8221;][vc_column width=&#8221;1\/2&#8243;]<h4 class=\"grve-element grve-title grve-align-left grve-h4\" style=\"\"><span>Qui-Vive<\/span><\/h4>[\/vc_column][vc_column width=&#8221;1\/2&#8243;][vc_column_text]<a href=\"https:\/\/www.hendaye-culture.fr\/fr\/festivals-et-temps-forts\/mai-du-theatre\/\" target=\"_blank\" rel=\"noopener\">Mai au Th\u00e9\u00e2tre<\/a>&#8211; Th\u00e9\u00e2tre\u00a0 &#8211; Hendaye (64)[\/vc_column_text][\/vc_column][\/vc_row]<\/p>\n<\/div><\/div><\/div><\/div><div id=\"event-2168\" class=\"vsel-content vsel-past\"><div class=\"vsel-meta vsel-alignleft\" style=\"width:30%;\"><h3 class=\"vsel-meta-title\">Qui-Vive<\/h3><div class=\"vsel-meta-date vsel-meta-single-date\"><span>19 May 2024<\/span><\/div><\/div><div class=\"vsel-info vsel-alignright\" style=\"width:66%;\"><div class=\"vsel-text\"><div class=\"wpb-content-wrapper\"><p>[vc_row padding_top_multiplier=&#8221;&#8221; padding_bottom_multiplier=&#8221;&#8221;][vc_column width=&#8221;1\/2&#8243;]<h4 class=\"grve-element grve-title grve-align-left grve-h4\" style=\"\"><span>Qui-Vive<\/span><\/h4>[\/vc_column][vc_column width=&#8221;1\/2&#8243;][vc_column_text]<a href=\"https:\/\/www.theatrejacquescarat.fr\/la-saison\/charivarues\" target=\"_blank\" rel=\"noopener\">Festival Charivarues<\/a> &#8211; Th\u00e9\u00e2tre Jacques Carat &#8211; Cachan (94)[\/vc_column_text][\/vc_column][\/vc_row]<\/p>\n<\/div><\/div><\/div><\/div><div id=\"event-2235\" class=\"vsel-content vsel-past\"><div class=\"vsel-meta vsel-alignleft\" style=\"width:30%;\"><h3 class=\"vsel-meta-title\">Check Off<\/h3><div class=\"vsel-meta-date vsel-meta-single-date\"><span>18 May 2024<\/span><\/div><\/div><div class=\"vsel-info vsel-alignright\" style=\"width:66%;\"><div class=\"vsel-text\"><div class=\"wpb-content-wrapper\"><p>[vc_row padding_top_multiplier=&#8221;&#8221; padding_bottom_multiplier=&#8221;&#8221;][vc_column width=&#8221;1\/2&#8243;]<h4 class=\"grve-element grve-title grve-align-left grve-h4\" style=\"\"><span>Check Off<\/span><\/h4>[\/vc_column][vc_column width=&#8221;1\/2&#8243;][vc_column_text]Festival IN VICACIT\u00c9 &#8211; Sotteville-L\u00e8s-Rouen (76)[\/vc_column_text][\/vc_column][\/vc_row]<\/p>\n<\/div><\/div><\/div><\/div><div id=\"event-2177\" class=\"vsel-content vsel-past\"><div class=\"vsel-meta vsel-alignleft\" style=\"width:30%;\"><h3 class=\"vsel-meta-title\">Check Off<\/h3><div class=\"vsel-meta-date vsel-meta-combined-date\"><span>3 May 2024<\/span> - <span>4 May 2024<\/span><\/div><\/div><div class=\"vsel-info vsel-alignright\" style=\"width:66%;\"><div class=\"vsel-text\"><div class=\"wpb-content-wrapper\"><p>[vc_row padding_top_multiplier=&#8221;&#8221; padding_bottom_multiplier=&#8221;&#8221;][vc_column width=&#8221;1\/2&#8243;]<h4 class=\"grve-element grve-title grve-align-left grve-h4\" style=\"\"><span>Check Off<\/span><\/h4>[\/vc_column][vc_column width=&#8221;1\/2&#8243;][vc_column_text]Festival Les Turbulentes &#8211; Cnarep Le Boulon, Vieux-Cond\u00e9 (59)[\/vc_column_text][\/vc_column][\/vc_row]<\/p>\n<\/div><\/div><\/div><\/div><div id=\"event-2166\" class=\"vsel-content vsel-past\"><div class=\"vsel-meta vsel-alignleft\" style=\"width:30%;\"><h3 class=\"vsel-meta-title\">Issue de Secours<\/h3><div class=\"vsel-meta-date vsel-meta-single-date\"><span>14 April 2024<\/span><\/div><\/div><div class=\"vsel-info vsel-alignright\" style=\"width:66%;\"><div class=\"vsel-text\"><div class=\"wpb-content-wrapper\"><p>[vc_row padding_top_multiplier=&#8221;&#8221; padding_bottom_multiplier=&#8221;&#8221;][vc_column width=&#8221;1\/2&#8243;]<h4 class=\"grve-element grve-title grve-align-left grve-h4\" style=\"\"><span>Issue de Secours<\/span><\/h4>[\/vc_column][vc_column width=&#8221;1\/2&#8243;][vc_column_text]<a href=\"https:\/\/www.lestombeesdelanuit.com\/\" target=\"_blank\" rel=\"noopener\">Festival Les Tomb\u00e9es de la nuit<\/a> &#8211; Rennes (35)[\/vc_column_text][\/vc_column][\/vc_row]<\/p>\n<\/div><\/div><\/div><\/div><div id=\"event-2167\" class=\"vsel-content vsel-past\"><div class=\"vsel-meta vsel-alignleft\" style=\"width:30%;\"><h3 class=\"vsel-meta-title\">Qui-Vive<\/h3><div class=\"vsel-meta-date vsel-meta-single-date\"><span>14 April 2024<\/span><\/div><\/div><div class=\"vsel-info vsel-alignright\" style=\"width:66%;\"><div class=\"vsel-text\"><div class=\"wpb-content-wrapper\"><p>[vc_row padding_top_multiplier=&#8221;&#8221; padding_bottom_multiplier=&#8221;&#8221;][vc_column width=&#8221;1\/2&#8243;]<h4 class=\"grve-element grve-title grve-align-left grve-h4\" style=\"\"><span>Qui-Vive<\/span><\/h4>[\/vc_column][vc_column width=&#8221;1\/2&#8243;][vc_column_text]<a href=\"https:\/\/www.lestombeesdelanuit.com\/\" target=\"_blank\" rel=\"noopener\">Festival Les Tomb\u00e9es de la nuit<\/a> &#8211; Rennes (35)[\/vc_column_text][\/vc_column][\/vc_row]<\/p>\n<\/div><\/div><\/div><\/div><div id=\"event-2158\" class=\"vsel-content vsel-past\"><div class=\"vsel-meta vsel-alignleft\" style=\"width:30%;\"><h3 class=\"vsel-meta-title\">Issue de Secours \/ Emergency Exit<\/h3><div class=\"vsel-meta-date vsel-meta-combined-date\"><span>5 April 2024<\/span> - <span>7 April 2024<\/span><\/div><\/div><div class=\"vsel-info vsel-alignright\" style=\"width:66%;\"><div class=\"vsel-text\"><div class=\"wpb-content-wrapper\"><p>[vc_row padding_top_multiplier=&#8221;&#8221; padding_bottom_multiplier=&#8221;&#8221;][vc_column width=&#8221;1\/2&#8243;]<h4 class=\"grve-element grve-title grve-align-left grve-h4\" style=\"\"><span>Issue de Secours \/ Emergency Exit<\/span><\/h4>[\/vc_column][vc_column width=&#8221;1\/2&#8243;][vc_column_text]<a href=\"https:\/\/lajollaplayhouse.org\/wowfestival\/\" target=\"_blank\" rel=\"noopener\">San Diego &#8211; invited by La Jolla Playhouse, in partnership with UC San Diego, with the support of Institut Fran\u00e7ais<\/a>[\/vc_column_text][\/vc_column][\/vc_row]<\/p>\n<\/div><\/div><\/div><\/div><div id=\"event-2148\" class=\"vsel-content vsel-past\"><div class=\"vsel-meta vsel-alignleft\" style=\"width:30%;\"><h3 class=\"vsel-meta-title\">Immortels &#8211; Le Nid<\/h3><div class=\"vsel-meta-date vsel-meta-single-date\"><span>19 November 2023<\/span><\/div><\/div><div class=\"vsel-info vsel-alignright\" style=\"width:66%;\"><div class=\"vsel-text\"><div class=\"wpb-content-wrapper\"><p>[vc_row padding_top_multiplier=&#8221;&#8221; padding_bottom_multiplier=&#8221;&#8221;][vc_column width=&#8221;1\/2&#8243;]<h4 class=\"grve-element grve-title grve-align-left grve-h4\" style=\"\"><span>Immortels &#8211; Le Nid<\/span><\/h4>[\/vc_column][vc_column width=&#8221;1\/2&#8243;][vc_column_text]<a href=\"https:\/\/www.theatrevictorhugo-bagneux.fr\/\" target=\"_blank\" rel=\"noopener\">Th\u00e9\u00e2tre Victor Hugo<\/a> -Bagneux (92)[\/vc_column_text][\/vc_column][\/vc_row]<\/p>\n<\/div><\/div><\/div><\/div><div id=\"event-2132\" class=\"vsel-content vsel-past\"><div class=\"vsel-meta vsel-alignleft\" style=\"width:30%;\"><h3 class=\"vsel-meta-title\">Qui-Vive<\/h3><div class=\"vsel-meta-date vsel-meta-single-date\"><span>6 October 2023<\/span><\/div><\/div><div class=\"vsel-info vsel-alignright\" style=\"width:66%;\"><div class=\"vsel-text\"><div class=\"wpb-content-wrapper\"><p>[vc_row padding_top_multiplier=&#8221;&#8221; padding_bottom_multiplier=&#8221;&#8221;][vc_column width=&#8221;1\/2&#8243;]<h4 class=\"grve-element grve-title grve-align-left grve-h4\" style=\"\"><span>Qui-Vive<\/span><\/h4>[\/vc_column][vc_column width=&#8221;1\/2&#8243;][vc_column_text]<a href=\"https:\/\/www.lamuserie.com\/\" target=\"_blank\" rel=\"noopener\">L&#8217;Amuserie<\/a> \/ <a href=\"https:\/\/www.scenesdujura.com\/\" target=\"_blank\" rel=\"noopener\">Les Sc\u00e8nes du Jura<\/a> &#8211; Lons Le Saunier (39)[\/vc_column_text][\/vc_column][\/vc_row]<\/p>\n<\/div><\/div><\/div><\/div><div class=\"vsel-nav\"><a href=\"https:\/\/adhok.org\/en\/wp-json\/wp\/v2\/pages\/1626\/page\/2\/\" class=\"vsel-next\">Next &raquo;<\/a><\/div><\/div>[\/vc_column_text][\/vc_column][\/vc_row]<\/p>\n<\/div>","protected":false},"excerpt":{"rendered":"<p>[vc_row padding_top_multiplier=&#8221;2x&#8221; padding_bottom_multiplier=&#8221;2x&#8221;][vc_column][vc_column_text css=&#8221;&#8221;][\/vc_column_text][\/vc_column][\/vc_row]<\/p>\n","protected":false},"author":1,"featured_media":0,"parent":0,"menu_order":0,"comment_status":"closed","ping_status":"closed","template":"","meta":{"footnotes":""},"class_list":["post-1626","page","type-page","status-publish","hentry"],"_links":{"self":[{"href":"https:\/\/adhok.org\/en\/wp-json\/wp\/v2\/pages\/1626","targetHints":{"allow":["GET"]}}],"collection":[{"href":"https:\/\/adhok.org\/en\/wp-json\/wp\/v2\/pages"}],"about":[{"href":"https:\/\/adhok.org\/en\/wp-json\/wp\/v2\/types\/page"}],"author":[{"embeddable":true,"href":"https:\/\/adhok.org\/en\/wp-json\/wp\/v2\/users\/1"}],"replies":[{"embeddable":true,"href":"https:\/\/adhok.org\/en\/wp-json\/wp\/v2\/comments?post=1626"}],"version-history":[{"count":2,"href":"https:\/\/adhok.org\/en\/wp-json\/wp\/v2\/pages\/1626\/revisions"}],"predecessor-version":[{"id":2377,"href":"https:\/\/adhok.org\/en\/wp-json\/wp\/v2\/pages\/1626\/revisions\/2377"}],"wp:attachment":[{"href":"https:\/\/adhok.org\/en\/wp-json\/wp\/v2\/media?parent=1626"}],"curies":[{"name":"wp","href":"https:\/\/api.w.org\/{rel}","templated":true}]}}