{"id":1623,"date":"2021-04-21T10:51:20","date_gmt":"2021-04-21T08:51:20","guid":{"rendered":"https:\/\/adhok.org\/?page_id=1623"},"modified":"2024-07-03T16:47:52","modified_gmt":"2024-07-03T14:47:52","slug":"contacts-booking","status":"publish","type":"page","link":"https:\/\/adhok.org\/en\/contacts-booking\/","title":{"rendered":"Contacts &#038; booking"},"content":{"rendered":"<div class=\"wpb-content-wrapper\"><p>[vc_row padding_top_multiplier=&#8221;2x&#8221; padding_bottom_multiplier=&#8221;2x&#8221;][vc_column width=&#8221;1\/3&#8243; css=&#8221;.vc_custom_1617875207741{padding-top: 12% !important;padding-right: 12% !important;padding-bottom: 12% !important;padding-left: 12% !important;}&#8221;]<h3 class=\"grve-element grve-title grve-align-left grve-small-text\" style=\"\"><span>Tour, production and promotion manager \u2013 France<\/span><\/h3><h3 class=\"grve-element grve-title grve-align-left grve-h5\" style=\"\"><span>H\u00e9l\u00e8ne Bourdon<\/span><\/h3>[vc_column_text]+33 (0)6 74 97 05 90<br \/>\n<a href=\"mailto:helene@adhok.org\"><span style=\"text-decoration: underline;\">helene@adhok.org<\/span><\/a>[\/vc_column_text][\/vc_column][vc_column width=&#8221;1\/3&#8243; css=&#8221;.vc_custom_1617875264715{padding-top: 12% !important;padding-right: 12% !important;padding-bottom: 12% !important;padding-left: 12% !important;}&#8221;]<h3 class=\"grve-element grve-title grve-align-left grve-small-text\" style=\"\"><span>International tour management<\/span><\/h3><h3 class=\"grve-element grve-title grve-align-left grve-h5\" style=\"\"><span>Paco Bialek<\/span><\/h3>[vc_column_text]+33 (0)682 521 167<br \/>\n<a href=\"mailto:pacobialek@adhok.org\"><span style=\"text-decoration: underline;\">pacobialek@adhok.org<\/span><\/a>[\/vc_column_text][\/vc_column][vc_column width=&#8221;1\/3&#8243; css=&#8221;.vc_custom_1617875268020{padding-top: 12% !important;padding-right: 12% !important;padding-bottom: 12% !important;padding-left: 12% !important;}&#8221;]<h3 class=\"grve-element grve-title grve-align-left grve-small-text\" style=\"\"><span>Administration<\/span><\/h3><h3 class=\"grve-element grve-title grve-align-left grve-h5\" style=\"\"><span>Th\u00e9r\u00e8se Fabry &#8211; Les Th\u00e9r\u00e8ses<\/span><\/h3>[vc_column_text css=&#8221;.vc_custom_1720018067548{margin-bottom: 24px !important;}&#8221;]+33 (0)5 61 07 14 29<br \/>\n<a href=\"mailto:julie@lesthereses.com\"><span style=\"text-decoration: underline;\">julie@lesthereses.com<\/span><\/a>[\/vc_column_text][vc_column_text css=&#8221;.vc_custom_1617875136721{margin-bottom: 32px !important;}&#8221; text_style=&#8221;leader-text&#8221;]6 impasse Marcel Paul &#8211;\u00a0Z.I Pahin<br \/>\n31170 Tournefeuille, France[\/vc_column_text][\/vc_column][\/vc_row]<\/p>\n<\/div>","protected":false},"excerpt":{"rendered":"<p>[vc_row padding_top_multiplier=&#8221;2x&#8221; padding_bottom_multiplier=&#8221;2x&#8221;][vc_column width=&#8221;1\/3&#8243; css=&#8221;.vc_custom_1617875207741{padding-top: 12% !important;padding-right: 12% !important;padding-bottom: 12% !important;padding-left: 12% !important;}&#8221;][vc_column_text]+33 (0)6 74 97 05 90 helene@adhok.org[\/vc_column_text][\/vc_column][vc_column width=&#8221;1\/3&#8243; css=&#8221;.vc_custom_1617875264715{padding-top: 12% !important;padding-right: 12% !important;padding-bottom: 12% !important;padding-left: 12% !important;}&#8221;][vc_column_text]+33 (0)682 521 167 pacobialek@adhok.org[\/vc_column_text][\/vc_column][vc_column width=&#8221;1\/3&#8243; css=&#8221;.vc_custom_1617875268020{padding-top: 12% !important;padding-right: 12% !important;padding-bottom: 12% !important;padding-left: 12% !important;}&#8221;][vc_column_text css=&#8221;.vc_custom_1720018067548{margin-bottom: 24px !important;}&#8221;]+33 (0)5 61 07 14 29 julie@lesthereses.com[\/vc_column_text][vc_column_text css=&#8221;.vc_custom_1617875136721{margin-bottom: 32px !important;}&#8221; [&hellip;]<\/p>\n","protected":false},"author":1,"featured_media":0,"parent":0,"menu_order":0,"comment_status":"closed","ping_status":"closed","template":"","meta":{"footnotes":""},"class_list":["post-1623","page","type-page","status-publish","hentry"],"_links":{"self":[{"href":"https:\/\/adhok.org\/en\/wp-json\/wp\/v2\/pages\/1623","targetHints":{"allow":["GET"]}}],"collection":[{"href":"https:\/\/adhok.org\/en\/wp-json\/wp\/v2\/pages"}],"about":[{"href":"https:\/\/adhok.org\/en\/wp-json\/wp\/v2\/types\/page"}],"author":[{"embeddable":true,"href":"https:\/\/adhok.org\/en\/wp-json\/wp\/v2\/users\/1"}],"replies":[{"embeddable":true,"href":"https:\/\/adhok.org\/en\/wp-json\/wp\/v2\/comments?post=1623"}],"version-history":[{"count":5,"href":"https:\/\/adhok.org\/en\/wp-json\/wp\/v2\/pages\/1623\/revisions"}],"predecessor-version":[{"id":2353,"href":"https:\/\/adhok.org\/en\/wp-json\/wp\/v2\/pages\/1623\/revisions\/2353"}],"wp:attachment":[{"href":"https:\/\/adhok.org\/en\/wp-json\/wp\/v2\/media?parent=1623"}],"curies":[{"name":"wp","href":"https:\/\/api.w.org\/{rel}","templated":true}]}}